{"id":434,"date":"2015-07-24T16:52:44","date_gmt":"2015-07-24T14:52:44","guid":{"rendered":"http:\/\/dizzy-fingers.com\/jazzguitaracademy\/?page_id=434"},"modified":"2015-07-24T16:52:44","modified_gmt":"2015-07-24T14:52:44","slug":"check-mails","status":"publish","type":"page","link":"https:\/\/jazzguitaracademy.com\/de\/check-mails\/","title":{"rendered":"Rufe deine Emails ab"},"content":{"rendered":"<p><\/p>\n<h3 style=\"text-align: center;\">Vielen Dank f\u00fcr deine Anmeldung!<\/h3>\n<h3 style=\"text-align: center;\">Bitte \u00fcberpr\u00fcfe deine Emails um deine Registrierung zu vervollst\u00e4ndigen und ein Benutzernamen sowie Passwort zu erstellen!<\/h3>\n<p style=\"text-align: center;\">Sollte unsere Email in deinem <strong>SPAM-Ordner<\/strong> ankommen, bitte unseren Absender in deinem Emailprogramm als &#8220;No Spam&#8221; markern, somit erh\u00e4lst du unsere<br \/>\nEmails immer direkt in deinen Posteingang.<\/p>\n<p><\/p>","protected":false},"excerpt":{"rendered":"<p>Vielen Dank f\u00fcr deine Anmeldung! Bitte \u00fcberpr\u00fcfe deine Emails um deine Registrierung zu vervollst\u00e4ndigen und ein Benutzernamen sowie Passwort zu erstellen! Sollte unsere Email in deinem SPAM-Ordner ankommen, bitte unseren Absender in deinem Emailprogramm als &#8220;No Spam&#8221; markern, somit erh\u00e4lst du unsere Emails immer direkt in deinen Posteingang.<\/p>\n","protected":false},"author":1,"featured_media":0,"parent":0,"menu_order":0,"comment_status":"open","ping_status":"open","template":"","meta":[],"yoast_head":"<!-- This site is optimized with the Yoast SEO plugin v20.0 - https:\/\/yoast.com\/wordpress\/plugins\/seo\/ -->\n<title>Rufe deine Emails ab - JazzGuitarAcademy<\/title>\n<meta name=\"robots\" content=\"index, follow, max-snippet:-1, max-image-preview:large, max-video-preview:-1\" \/>\n<link rel=\"canonical\" href=\"https:\/\/jazzguitaracademy.com\/check-mails\/\" \/>\n<meta property=\"og:locale\" content=\"de_DE\" \/>\n<meta property=\"og:type\" content=\"article\" \/>\n<meta property=\"og:title\" content=\"[:de]Rufe deine Emails ab[:en]Check Mails[:] - JazzGuitarAcademy\" \/>\n<meta property=\"og:description\" content=\"Vielen Dank f\u00fcr deine Anmeldung! Bitte \u00fcberpr\u00fcfe deine Emails um deine Registrierung zu vervollst\u00e4ndigen und ein Benutzernamen sowie Passwort zu erstellen! Sollte unsere Email in deinem SPAM-Ordner ankommen, bitte unseren Absender in deinem Emailprogramm als &#8220;No Spam&#8221; markern, somit erh\u00e4lst du unsere Emails immer direkt in deinen Posteingang.\" \/>\n<meta property=\"og:url\" content=\"https:\/\/jazzguitaracademy.com\/check-mails\/\" \/>\n<meta property=\"og:site_name\" content=\"JazzGuitarAcademy\" \/>\n<meta property=\"article:publisher\" content=\"http:\/\/www.facebook.com\/jazzguitaracademy\" \/>\n<meta name=\"twitter:card\" content=\"summary_large_image\" \/>\n<script type=\"application\/ld+json\" class=\"yoast-schema-graph\">{\"@context\":\"https:\/\/schema.org\",\"@graph\":[{\"@type\":\"WebPage\",\"@id\":\"https:\/\/jazzguitaracademy.com\/check-mails\/\",\"url\":\"https:\/\/jazzguitaracademy.com\/check-mails\/\",\"name\":\"[:de]Rufe deine Emails ab[:en]Check Mails[:] - JazzGuitarAcademy\",\"isPartOf\":{\"@id\":\"https:\/\/jazzguitaracademy.com\/#website\"},\"datePublished\":\"2015-07-24T14:52:44+00:00\",\"dateModified\":\"2015-07-24T14:52:44+00:00\",\"breadcrumb\":{\"@id\":\"https:\/\/jazzguitaracademy.com\/check-mails\/#breadcrumb\"},\"inLanguage\":\"de-DE\",\"potentialAction\":[{\"@type\":\"ReadAction\",\"target\":[\"https:\/\/jazzguitaracademy.com\/check-mails\/\"]}]},{\"@type\":\"BreadcrumbList\",\"@id\":\"https:\/\/jazzguitaracademy.com\/check-mails\/#breadcrumb\",\"itemListElement\":[{\"@type\":\"ListItem\",\"position\":1,\"name\":\"Home\",\"item\":\"https:\/\/jazzguitaracademy.com\/\"},{\"@type\":\"ListItem\",\"position\":2,\"name\":\"Check Mails\"}]},{\"@type\":\"WebSite\",\"@id\":\"https:\/\/jazzguitaracademy.com\/#website\",\"url\":\"https:\/\/jazzguitaracademy.com\/\",\"name\":\"JazzGuitarAcademy\",\"description\":\"study online jazz guitar\",\"potentialAction\":[{\"@type\":\"SearchAction\",\"target\":{\"@type\":\"EntryPoint\",\"urlTemplate\":\"https:\/\/jazzguitaracademy.com\/?s={search_term_string}\"},\"query-input\":\"required name=search_term_string\"}],\"inLanguage\":\"de-DE\"}]}<\/script>\n<!-- \/ Yoast SEO plugin. -->","yoast_head_json":{"title":"[:de]Rufe deine Emails ab[:en]Check Mails[:] - JazzGuitarAcademy","robots":{"index":"index","follow":"follow","max-snippet":"max-snippet:-1","max-image-preview":"max-image-preview:large","max-video-preview":"max-video-preview:-1"},"canonical":"https:\/\/jazzguitaracademy.com\/check-mails\/","og_locale":"de_DE","og_type":"article","og_title":"[:de]Rufe deine Emails ab[:en]Check Mails[:] - JazzGuitarAcademy","og_description":"Vielen Dank f\u00fcr deine Anmeldung! Bitte \u00fcberpr\u00fcfe deine Emails um deine Registrierung zu vervollst\u00e4ndigen und ein Benutzernamen sowie Passwort zu erstellen! Sollte unsere Email in deinem SPAM-Ordner ankommen, bitte unseren Absender in deinem Emailprogramm als &#8220;No Spam&#8221; markern, somit erh\u00e4lst du unsere Emails immer direkt in deinen Posteingang.","og_url":"https:\/\/jazzguitaracademy.com\/check-mails\/","og_site_name":"JazzGuitarAcademy","article_publisher":"http:\/\/www.facebook.com\/jazzguitaracademy","twitter_card":"summary_large_image","schema":{"@context":"https:\/\/schema.org","@graph":[{"@type":"WebPage","@id":"https:\/\/jazzguitaracademy.com\/check-mails\/","url":"https:\/\/jazzguitaracademy.com\/check-mails\/","name":"[:de]Rufe deine Emails ab[:en]Check Mails[:] - JazzGuitarAcademy","isPartOf":{"@id":"https:\/\/jazzguitaracademy.com\/#website"},"datePublished":"2015-07-24T14:52:44+00:00","dateModified":"2015-07-24T14:52:44+00:00","breadcrumb":{"@id":"https:\/\/jazzguitaracademy.com\/check-mails\/#breadcrumb"},"inLanguage":"de-DE","potentialAction":[{"@type":"ReadAction","target":["https:\/\/jazzguitaracademy.com\/check-mails\/"]}]},{"@type":"BreadcrumbList","@id":"https:\/\/jazzguitaracademy.com\/check-mails\/#breadcrumb","itemListElement":[{"@type":"ListItem","position":1,"name":"Home","item":"https:\/\/jazzguitaracademy.com\/"},{"@type":"ListItem","position":2,"name":"Check Mails"}]},{"@type":"WebSite","@id":"https:\/\/jazzguitaracademy.com\/#website","url":"https:\/\/jazzguitaracademy.com\/","name":"JazzGuitarAcademy","description":"study online jazz guitar","potentialAction":[{"@type":"SearchAction","target":{"@type":"EntryPoint","urlTemplate":"https:\/\/jazzguitaracademy.com\/?s={search_term_string}"},"query-input":"required name=search_term_string"}],"inLanguage":"de-DE"}]}},"_links":{"self":[{"href":"https:\/\/jazzguitaracademy.com\/de\/wp-json\/wp\/v2\/pages\/434"}],"collection":[{"href":"https:\/\/jazzguitaracademy.com\/de\/wp-json\/wp\/v2\/pages"}],"about":[{"href":"https:\/\/jazzguitaracademy.com\/de\/wp-json\/wp\/v2\/types\/page"}],"author":[{"embeddable":true,"href":"https:\/\/jazzguitaracademy.com\/de\/wp-json\/wp\/v2\/users\/1"}],"replies":[{"embeddable":true,"href":"https:\/\/jazzguitaracademy.com\/de\/wp-json\/wp\/v2\/comments?post=434"}],"version-history":[{"count":1,"href":"https:\/\/jazzguitaracademy.com\/de\/wp-json\/wp\/v2\/pages\/434\/revisions"}],"predecessor-version":[{"id":435,"href":"https:\/\/jazzguitaracademy.com\/de\/wp-json\/wp\/v2\/pages\/434\/revisions\/435"}],"wp:attachment":[{"href":"https:\/\/jazzguitaracademy.com\/de\/wp-json\/wp\/v2\/media?parent=434"}],"curies":[{"name":"wp","href":"https:\/\/api.w.org\/{rel}","templated":true}]}}