{"id":440,"date":"2015-07-24T16:57:28","date_gmt":"2015-07-24T14:57:28","guid":{"rendered":"http:\/\/dizzy-fingers.com\/jazzguitaracademy\/?page_id=440"},"modified":"2026-03-09T17:47:26","modified_gmt":"2026-03-09T16:47:26","slug":"imprint","status":"publish","type":"page","link":"https:\/\/jazzguitaracademy.com\/de\/imprint\/","title":{"rendered":"Impressum"},"content":{"rendered":"<p><b>Impressum<\/b><\/p>\n<p>Impressum gem\u00e4\u00df \u00a7 5 Telemediengesetz (TMG) und \u00a7 55 II des Staatsvertrages \u00fcber Rundfunk und Telemedien (RStV).<\/p>\n<p>Verantwortlich f\u00fcr den Inhalt :<\/p>\n<p>Dizzy Fingers Guitar Academy<\/p>\n<p>Malte Weber<br \/>\nH\u00f6velstrasse 4<br \/>\n59439 Holzwickede<br \/>\nE-Mail : info@dizzy-fingers.com<\/p>\n<p><strong>Website :<\/strong><\/p>\n<p><a href=\"https:\/\/www.gypsyguitaracademy.com.com\" target=\"_blank\" rel=\"noopener noreferrer\">www.gypsyguitaracademy.com<\/a><br \/>\n<a href=\"http:\/\/www.jazzguitaracademy.com\">www.jazzguitaracademy.com<\/a><br \/>\n<a href=\"http:\/\/www.ukulele-academy.com\">www.ukulele-academy.com<\/a><br \/>\n<a href=\"http:\/\/www.fingerstyleguitaracademy.com\">www.fingerstyleguitaracademy.com<\/a><\/p>\n<p>Gewerberegister Holzwickede 059789016<\/p>\n<p><strong>Gestaltung<\/strong><\/p>\n<p>Websitedesign UI: Malte Weber<br \/>\nVideogestaltung\/Schnitt\/Colour\/Lichtgestaltung: Malte Weber<br \/>\nTonaufnahmen\/Abmischung: Malte Weber<br \/>\nTranskription: Malte Weber<br \/>\nTexte: Malte Weber<\/p>\n<p class=\"bodytext\"><b>Technische Umsetzung<\/b><\/p>\n<p class=\"bodytext\">Netz am Hafen &#8211; Internetagentur<\/p>\n<p class=\"bodytext\">E-Mail: <a href=\"mailto:ts@netz-am-hafen.de\">ts@netz-am-hafen.de<\/a><\/p>\n<p class=\"bodytext\">Internet: <a href=\"https:\/\/www.netz-am-hafen.de\" target=\"_blank\" rel=\"noopener noreferrer\">www.netz-am-hafen.de<\/a><\/p>\n<p><strong>Haftung f\u00fcr Inhalte<\/strong><\/p>\n<p>Die Inhalte unserer Seiten wurden mit gr\u00f6\u00dfter Sorgfalt erstellt. F\u00fcr die Richtigkeit, Vollst\u00e4ndigkeit und Aktualit\u00e4t der Inhalte k\u00f6nnen wir jedoch keine Gew\u00e4hr \u00fcbernehmen. Als Diensteanbieter sind wir gem\u00e4\u00df \u00a7 7 Abs.1 TMG f\u00fcr eigene Inhalte auf diesen Seiten nach den allgemeinen Gesetzen verantwortlich. Nach \u00a7\u00a7 8 bis 10 TMG sind wir als Diensteanbieter jedoch nicht verpflichtet, \u00fcbermittelte oder gespeicherte fremde Informationen zu \u00fcberwachen oder nach Umst\u00e4nden zu forschen, die auf eine rechtswidrige T\u00e4tigkeit hinweisen. Verpflichtungen zur Entfernung oder Sperrung der Nutzung von Informationen nach den allgemeinen Gesetzen bleiben hiervon unber\u00fchrt. Eine diesbez\u00fcgliche Haftung ist jedoch erst ab dem Zeitpunkt der Kenntnis einer konkreten Rechtsverletzung m\u00f6glich. Bei Bekanntwerden von entsprechenden Rechtsverletzungen werden wir diese Inhalte umgehend entfernen.<\/p>\n<p><\/p>","protected":false},"excerpt":{"rendered":"<p>Impressum Impressum gem\u00e4\u00df \u00a7 5 Telemediengesetz (TMG) und \u00a7 55 II des Staatsvertrages \u00fcber Rundfunk und Telemedien (RStV). Verantwortlich f\u00fcr den Inhalt : Dizzy Fingers Guitar Academy Malte Weber H\u00f6velstrasse 4 59439 Holzwickede E-Mail : info@dizzy-fingers.com Website : www.gypsyguitaracademy.com www.jazzguitaracademy.com www.ukulele-academy.com www.fingerstyleguitaracademy.com Gewerberegister Holzwickede 059789016 Gestaltung Websitedesign UI: Malte Weber Videogestaltung\/Schnitt\/Colour\/Lichtgestaltung: Malte Weber Tonaufnahmen\/Abmischung: Malte [&hellip;]<\/p>\n","protected":false},"author":1,"featured_media":0,"parent":0,"menu_order":0,"comment_status":"open","ping_status":"open","template":"","meta":[],"yoast_head":"<!-- This site is optimized with the Yoast SEO plugin v20.0 - https:\/\/yoast.com\/wordpress\/plugins\/seo\/ -->\n<title>Impressum - JazzGuitarAcademy<\/title>\n<meta name=\"robots\" content=\"noindex, follow\" \/>\n<meta property=\"og:locale\" content=\"de_DE\" \/>\n<meta property=\"og:type\" content=\"article\" \/>\n<meta property=\"og:title\" content=\"[:de]Impressum[:en]Imprint[:] - JazzGuitarAcademy\" \/>\n<meta property=\"og:description\" content=\"Impressum Impressum gem\u00e4\u00df \u00a7 5 Telemediengesetz (TMG) und \u00a7 55 II des Staatsvertrages \u00fcber Rundfunk und Telemedien (RStV). Verantwortlich f\u00fcr den Inhalt : Dizzy Fingers Guitar Academy Malte Weber H\u00f6velstrasse 4 59439 Holzwickede E-Mail : info@dizzy-fingers.com Website : www.gypsyguitaracademy.com www.jazzguitaracademy.com www.ukulele-academy.com www.fingerstyleguitaracademy.com Gewerberegister Holzwickede 059789016 Gestaltung Websitedesign UI: Malte Weber Videogestaltung\/Schnitt\/Colour\/Lichtgestaltung: Malte Weber Tonaufnahmen\/Abmischung: Malte [&hellip;]\" \/>\n<meta property=\"og:url\" content=\"https:\/\/jazzguitaracademy.com\/imprint\/\" \/>\n<meta property=\"og:site_name\" content=\"JazzGuitarAcademy\" \/>\n<meta property=\"article:publisher\" content=\"http:\/\/www.facebook.com\/jazzguitaracademy\" \/>\n<meta property=\"article:modified_time\" content=\"2026-03-09T16:47:26+00:00\" \/>\n<meta name=\"twitter:card\" content=\"summary_large_image\" \/>\n<meta name=\"twitter:label1\" content=\"Gesch\u00e4tzte Lesezeit\" \/>\n\t<meta name=\"twitter:data1\" content=\"3 Minuten\" \/>\n<script type=\"application\/ld+json\" class=\"yoast-schema-graph\">{\"@context\":\"https:\/\/schema.org\",\"@graph\":[{\"@type\":\"WebPage\",\"@id\":\"https:\/\/jazzguitaracademy.com\/imprint\/\",\"url\":\"https:\/\/jazzguitaracademy.com\/imprint\/\",\"name\":\"[:de]Impressum[:en]Imprint[:] - JazzGuitarAcademy\",\"isPartOf\":{\"@id\":\"https:\/\/jazzguitaracademy.com\/#website\"},\"datePublished\":\"2015-07-24T14:57:28+00:00\",\"dateModified\":\"2026-03-09T16:47:26+00:00\",\"breadcrumb\":{\"@id\":\"https:\/\/jazzguitaracademy.com\/imprint\/#breadcrumb\"},\"inLanguage\":\"de-DE\",\"potentialAction\":[{\"@type\":\"ReadAction\",\"target\":[\"https:\/\/jazzguitaracademy.com\/imprint\/\"]}]},{\"@type\":\"BreadcrumbList\",\"@id\":\"https:\/\/jazzguitaracademy.com\/imprint\/#breadcrumb\",\"itemListElement\":[{\"@type\":\"ListItem\",\"position\":1,\"name\":\"Home\",\"item\":\"https:\/\/jazzguitaracademy.com\/\"},{\"@type\":\"ListItem\",\"position\":2,\"name\":\"Imprint\"}]},{\"@type\":\"WebSite\",\"@id\":\"https:\/\/jazzguitaracademy.com\/#website\",\"url\":\"https:\/\/jazzguitaracademy.com\/\",\"name\":\"JazzGuitarAcademy\",\"description\":\"study online jazz guitar\",\"potentialAction\":[{\"@type\":\"SearchAction\",\"target\":{\"@type\":\"EntryPoint\",\"urlTemplate\":\"https:\/\/jazzguitaracademy.com\/?s={search_term_string}\"},\"query-input\":\"required name=search_term_string\"}],\"inLanguage\":\"de-DE\"}]}<\/script>\n<!-- \/ Yoast SEO plugin. -->","yoast_head_json":{"title":"[:de]Impressum[:en]Imprint[:] - JazzGuitarAcademy","robots":{"index":"noindex","follow":"follow"},"og_locale":"de_DE","og_type":"article","og_title":"[:de]Impressum[:en]Imprint[:] - JazzGuitarAcademy","og_description":"Impressum Impressum gem\u00e4\u00df \u00a7 5 Telemediengesetz (TMG) und \u00a7 55 II des Staatsvertrages \u00fcber Rundfunk und Telemedien (RStV). Verantwortlich f\u00fcr den Inhalt : Dizzy Fingers Guitar Academy Malte Weber H\u00f6velstrasse 4 59439 Holzwickede E-Mail : info@dizzy-fingers.com Website : www.gypsyguitaracademy.com www.jazzguitaracademy.com www.ukulele-academy.com www.fingerstyleguitaracademy.com Gewerberegister Holzwickede 059789016 Gestaltung Websitedesign UI: Malte Weber Videogestaltung\/Schnitt\/Colour\/Lichtgestaltung: Malte Weber Tonaufnahmen\/Abmischung: Malte [&hellip;]","og_url":"https:\/\/jazzguitaracademy.com\/imprint\/","og_site_name":"JazzGuitarAcademy","article_publisher":"http:\/\/www.facebook.com\/jazzguitaracademy","article_modified_time":"2026-03-09T16:47:26+00:00","twitter_card":"summary_large_image","twitter_misc":{"Gesch\u00e4tzte Lesezeit":"3 Minuten"},"schema":{"@context":"https:\/\/schema.org","@graph":[{"@type":"WebPage","@id":"https:\/\/jazzguitaracademy.com\/imprint\/","url":"https:\/\/jazzguitaracademy.com\/imprint\/","name":"[:de]Impressum[:en]Imprint[:] - JazzGuitarAcademy","isPartOf":{"@id":"https:\/\/jazzguitaracademy.com\/#website"},"datePublished":"2015-07-24T14:57:28+00:00","dateModified":"2026-03-09T16:47:26+00:00","breadcrumb":{"@id":"https:\/\/jazzguitaracademy.com\/imprint\/#breadcrumb"},"inLanguage":"de-DE","potentialAction":[{"@type":"ReadAction","target":["https:\/\/jazzguitaracademy.com\/imprint\/"]}]},{"@type":"BreadcrumbList","@id":"https:\/\/jazzguitaracademy.com\/imprint\/#breadcrumb","itemListElement":[{"@type":"ListItem","position":1,"name":"Home","item":"https:\/\/jazzguitaracademy.com\/"},{"@type":"ListItem","position":2,"name":"Imprint"}]},{"@type":"WebSite","@id":"https:\/\/jazzguitaracademy.com\/#website","url":"https:\/\/jazzguitaracademy.com\/","name":"JazzGuitarAcademy","description":"study online jazz guitar","potentialAction":[{"@type":"SearchAction","target":{"@type":"EntryPoint","urlTemplate":"https:\/\/jazzguitaracademy.com\/?s={search_term_string}"},"query-input":"required name=search_term_string"}],"inLanguage":"de-DE"}]}},"_links":{"self":[{"href":"https:\/\/jazzguitaracademy.com\/de\/wp-json\/wp\/v2\/pages\/440"}],"collection":[{"href":"https:\/\/jazzguitaracademy.com\/de\/wp-json\/wp\/v2\/pages"}],"about":[{"href":"https:\/\/jazzguitaracademy.com\/de\/wp-json\/wp\/v2\/types\/page"}],"author":[{"embeddable":true,"href":"https:\/\/jazzguitaracademy.com\/de\/wp-json\/wp\/v2\/users\/1"}],"replies":[{"embeddable":true,"href":"https:\/\/jazzguitaracademy.com\/de\/wp-json\/wp\/v2\/comments?post=440"}],"version-history":[{"count":14,"href":"https:\/\/jazzguitaracademy.com\/de\/wp-json\/wp\/v2\/pages\/440\/revisions"}],"predecessor-version":[{"id":747,"href":"https:\/\/jazzguitaracademy.com\/de\/wp-json\/wp\/v2\/pages\/440\/revisions\/747"}],"wp:attachment":[{"href":"https:\/\/jazzguitaracademy.com\/de\/wp-json\/wp\/v2\/media?parent=440"}],"curies":[{"name":"wp","href":"https:\/\/api.w.org\/{rel}","templated":true}]}}