{"id":446,"date":"2015-07-24T17:04:25","date_gmt":"2015-07-24T15:04:25","guid":{"rendered":"http:\/\/dizzy-fingers.com\/jazzguitaracademy\/?page_id=446"},"modified":"2019-01-10T18:21:25","modified_gmt":"2019-01-10T17:21:25","slug":"how-it-works","status":"publish","type":"page","link":"https:\/\/jazzguitaracademy.com\/de\/how-it-works\/","title":{"rendered":"\u00dcber uns"},"content":{"rendered":"<p><\/p>\n<h3 style=\"text-align: center;\"><\/h3>\n<h3><span style=\"text-decoration: underline;\">Prof. Michael Sagmeister\u00a0pr\u00e4sentiert seine Online JazzGuitarAcademy<\/span><\/h3>\n<p>Lerne Jazzgitarre mit unseren <strong>Online Lessons<\/strong>\u00a0und sichere dir durch die individuelle, zeitlich unabh\u00e4ngige Nutzung den <strong>optimalen Lernfortschritt<\/strong>! Die Lessons sind w\u00e4hrend deiner Mitgliedschaft <strong>24\/7 verf\u00fcgbar<\/strong>.<br \/>\nDurch unterschiedliche Schwierigkeitsgrade wird jeder Sch\u00fcler, egal ob <strong>Einsteiger oder erfahrener Spieler<\/strong>, optimal unterrichtet und gef\u00f6rdert. Des Weiteren bieten wir in unserer Basic-Section einen guten Einstieg in die Materie!<\/p>\n<p>&nbsp;<\/p>\n<p><strong>Programm:<\/strong><\/p>\n<p>&#8211; pentatonische Mollskala, Moll Bluesskala, Dur Skala, Chord Voicings, rechte Hand, Modale Begleitkonzepte,\u00a0Dreiklangkombinationen,\u00a0harmonische Mollskala, melodische Mollskala,\u00a0II-V-I, \u00a0Lick Library (&#8230;)<\/p>\n<p><strong>&#8211; Konzepte f\u00fcr DEINE Improvisation<\/strong><\/p>\n<p>&#8211;\u00a0<strong>Download:<\/strong>\u00a0Noten, Tabulaturen, Akkorddiagramme und Playbacks in verschiedenen Tempi<\/p>\n<p>&#8211;\u00a0<strong>Basic<\/strong>\u00a0<strong>Programm f\u00fcr Neueinsteiger<\/strong><\/p>\n<p>&#8211; besondere\u00a0\u201e<strong>Play with\u00a0Michael<\/strong>\u201c Videos &#8211; Michael\u00a0begleitet dich in deinem Solo-Spiel<\/p>\n<p>&#8211; Alle Mitglieder k\u00f6nnen sowohl auf die deutschsprachigen, als auch auf\u00a0die englischsprachigen Videos zugreifen<\/p>","protected":false},"excerpt":{"rendered":"<p>Prof. Michael Sagmeister\u00a0pr\u00e4sentiert seine Online JazzGuitarAcademy Lerne Jazzgitarre mit unseren Online Lessons\u00a0und sichere dir durch die individuelle, zeitlich unabh\u00e4ngige Nutzung den optimalen Lernfortschritt! Die Lessons sind w\u00e4hrend deiner Mitgliedschaft 24\/7 verf\u00fcgbar. Durch unterschiedliche Schwierigkeitsgrade wird jeder Sch\u00fcler, egal ob Einsteiger oder erfahrener Spieler, optimal unterrichtet und gef\u00f6rdert. Des Weiteren bieten wir in unserer Basic-Section einen [&hellip;]<\/p>\n","protected":false},"author":1,"featured_media":0,"parent":0,"menu_order":0,"comment_status":"open","ping_status":"open","template":"","meta":[],"yoast_head":"<!-- This site is optimized with the Yoast SEO plugin v20.0 - https:\/\/yoast.com\/wordpress\/plugins\/seo\/ -->\n<title>\u00dcber uns - JazzGuitarAcademy<\/title>\n<meta name=\"robots\" content=\"index, follow, max-snippet:-1, max-image-preview:large, max-video-preview:-1\" \/>\n<link rel=\"canonical\" href=\"https:\/\/jazzguitaracademy.com\/de\/how-it-works\/\" \/>\n<meta property=\"og:locale\" content=\"de_DE\" \/>\n<meta property=\"og:type\" content=\"article\" \/>\n<meta property=\"og:title\" content=\"[:de]\u00dcber uns[:en]How it works[:] - JazzGuitarAcademy\" \/>\n<meta property=\"og:description\" content=\"Prof. Michael Sagmeister\u00a0pr\u00e4sentiert seine Online JazzGuitarAcademy Lerne Jazzgitarre mit unseren Online Lessons\u00a0und sichere dir durch die individuelle, zeitlich unabh\u00e4ngige Nutzung den optimalen Lernfortschritt! Die Lessons sind w\u00e4hrend deiner Mitgliedschaft 24\/7 verf\u00fcgbar. Durch unterschiedliche Schwierigkeitsgrade wird jeder Sch\u00fcler, egal ob Einsteiger oder erfahrener Spieler, optimal unterrichtet und gef\u00f6rdert. Des Weiteren bieten wir in unserer Basic-Section einen [&hellip;]\" \/>\n<meta property=\"og:url\" content=\"https:\/\/jazzguitaracademy.com\/de\/how-it-works\/\" \/>\n<meta property=\"og:site_name\" content=\"JazzGuitarAcademy\" \/>\n<meta property=\"article:publisher\" content=\"http:\/\/www.facebook.com\/jazzguitaracademy\" \/>\n<meta property=\"article:modified_time\" content=\"2019-01-10T17:21:25+00:00\" \/>\n<meta name=\"twitter:card\" content=\"summary_large_image\" \/>\n<meta name=\"twitter:label1\" content=\"Gesch\u00e4tzte Lesezeit\" \/>\n\t<meta name=\"twitter:data1\" content=\"1 Minute\" \/>\n<script type=\"application\/ld+json\" class=\"yoast-schema-graph\">{\"@context\":\"https:\/\/schema.org\",\"@graph\":[{\"@type\":\"WebPage\",\"@id\":\"https:\/\/jazzguitaracademy.com\/de\/how-it-works\/\",\"url\":\"https:\/\/jazzguitaracademy.com\/de\/how-it-works\/\",\"name\":\"[:de]\u00dcber uns[:en]How it works[:] - JazzGuitarAcademy\",\"isPartOf\":{\"@id\":\"https:\/\/jazzguitaracademy.com\/#website\"},\"datePublished\":\"2015-07-24T15:04:25+00:00\",\"dateModified\":\"2019-01-10T17:21:25+00:00\",\"breadcrumb\":{\"@id\":\"https:\/\/jazzguitaracademy.com\/de\/how-it-works\/#breadcrumb\"},\"inLanguage\":\"de-DE\",\"potentialAction\":[{\"@type\":\"ReadAction\",\"target\":[\"https:\/\/jazzguitaracademy.com\/de\/how-it-works\/\"]}]},{\"@type\":\"BreadcrumbList\",\"@id\":\"https:\/\/jazzguitaracademy.com\/de\/how-it-works\/#breadcrumb\",\"itemListElement\":[{\"@type\":\"ListItem\",\"position\":1,\"name\":\"Home\",\"item\":\"https:\/\/jazzguitaracademy.com\/\"},{\"@type\":\"ListItem\",\"position\":2,\"name\":\"\u00dcber uns\"}]},{\"@type\":\"WebSite\",\"@id\":\"https:\/\/jazzguitaracademy.com\/#website\",\"url\":\"https:\/\/jazzguitaracademy.com\/\",\"name\":\"JazzGuitarAcademy\",\"description\":\"study online jazz guitar\",\"potentialAction\":[{\"@type\":\"SearchAction\",\"target\":{\"@type\":\"EntryPoint\",\"urlTemplate\":\"https:\/\/jazzguitaracademy.com\/?s={search_term_string}\"},\"query-input\":\"required name=search_term_string\"}],\"inLanguage\":\"de-DE\"}]}<\/script>\n<!-- \/ Yoast SEO plugin. -->","yoast_head_json":{"title":"[:de]\u00dcber uns[:en]How it works[:] - JazzGuitarAcademy","robots":{"index":"index","follow":"follow","max-snippet":"max-snippet:-1","max-image-preview":"max-image-preview:large","max-video-preview":"max-video-preview:-1"},"canonical":"https:\/\/jazzguitaracademy.com\/de\/how-it-works\/","og_locale":"de_DE","og_type":"article","og_title":"[:de]\u00dcber uns[:en]How it works[:] - JazzGuitarAcademy","og_description":"Prof. Michael Sagmeister\u00a0pr\u00e4sentiert seine Online JazzGuitarAcademy Lerne Jazzgitarre mit unseren Online Lessons\u00a0und sichere dir durch die individuelle, zeitlich unabh\u00e4ngige Nutzung den optimalen Lernfortschritt! Die Lessons sind w\u00e4hrend deiner Mitgliedschaft 24\/7 verf\u00fcgbar. Durch unterschiedliche Schwierigkeitsgrade wird jeder Sch\u00fcler, egal ob Einsteiger oder erfahrener Spieler, optimal unterrichtet und gef\u00f6rdert. Des Weiteren bieten wir in unserer Basic-Section einen [&hellip;]","og_url":"https:\/\/jazzguitaracademy.com\/de\/how-it-works\/","og_site_name":"JazzGuitarAcademy","article_publisher":"http:\/\/www.facebook.com\/jazzguitaracademy","article_modified_time":"2019-01-10T17:21:25+00:00","twitter_card":"summary_large_image","twitter_misc":{"Gesch\u00e4tzte Lesezeit":"1 Minute"},"schema":{"@context":"https:\/\/schema.org","@graph":[{"@type":"WebPage","@id":"https:\/\/jazzguitaracademy.com\/de\/how-it-works\/","url":"https:\/\/jazzguitaracademy.com\/de\/how-it-works\/","name":"[:de]\u00dcber uns[:en]How it works[:] - JazzGuitarAcademy","isPartOf":{"@id":"https:\/\/jazzguitaracademy.com\/#website"},"datePublished":"2015-07-24T15:04:25+00:00","dateModified":"2019-01-10T17:21:25+00:00","breadcrumb":{"@id":"https:\/\/jazzguitaracademy.com\/de\/how-it-works\/#breadcrumb"},"inLanguage":"de-DE","potentialAction":[{"@type":"ReadAction","target":["https:\/\/jazzguitaracademy.com\/de\/how-it-works\/"]}]},{"@type":"BreadcrumbList","@id":"https:\/\/jazzguitaracademy.com\/de\/how-it-works\/#breadcrumb","itemListElement":[{"@type":"ListItem","position":1,"name":"Home","item":"https:\/\/jazzguitaracademy.com\/"},{"@type":"ListItem","position":2,"name":"\u00dcber uns"}]},{"@type":"WebSite","@id":"https:\/\/jazzguitaracademy.com\/#website","url":"https:\/\/jazzguitaracademy.com\/","name":"JazzGuitarAcademy","description":"study online jazz guitar","potentialAction":[{"@type":"SearchAction","target":{"@type":"EntryPoint","urlTemplate":"https:\/\/jazzguitaracademy.com\/?s={search_term_string}"},"query-input":"required name=search_term_string"}],"inLanguage":"de-DE"}]}},"_links":{"self":[{"href":"https:\/\/jazzguitaracademy.com\/de\/wp-json\/wp\/v2\/pages\/446"}],"collection":[{"href":"https:\/\/jazzguitaracademy.com\/de\/wp-json\/wp\/v2\/pages"}],"about":[{"href":"https:\/\/jazzguitaracademy.com\/de\/wp-json\/wp\/v2\/types\/page"}],"author":[{"embeddable":true,"href":"https:\/\/jazzguitaracademy.com\/de\/wp-json\/wp\/v2\/users\/1"}],"replies":[{"embeddable":true,"href":"https:\/\/jazzguitaracademy.com\/de\/wp-json\/wp\/v2\/comments?post=446"}],"version-history":[{"count":7,"href":"https:\/\/jazzguitaracademy.com\/de\/wp-json\/wp\/v2\/pages\/446\/revisions"}],"predecessor-version":[{"id":713,"href":"https:\/\/jazzguitaracademy.com\/de\/wp-json\/wp\/v2\/pages\/446\/revisions\/713"}],"wp:attachment":[{"href":"https:\/\/jazzguitaracademy.com\/de\/wp-json\/wp\/v2\/media?parent=446"}],"curies":[{"name":"wp","href":"https:\/\/api.w.org\/{rel}","templated":true}]}}