{"id":456,"date":"2015-07-24T17:09:15","date_gmt":"2015-07-24T15:09:15","guid":{"rendered":"http:\/\/dizzy-fingers.com\/jazzguitaracademy\/?page_id=456"},"modified":"2025-09-08T16:17:37","modified_gmt":"2025-09-08T14:17:37","slug":"terms-conditions","status":"publish","type":"page","link":"https:\/\/jazzguitaracademy.com\/de\/terms-conditions\/","title":{"rendered":"Terms &#038; Conditions"},"content":{"rendered":"<p><\/p>\n<h2>Allgemeine Gesch\u00e4ftsbedingungen der Dizzy Fingers Academy GmbH<\/h2>\n<p><strong>Stand: August 2025<\/strong><\/p>\n<p>Willkommen bei der Jazz Guitar Academy! Wir freuen uns, dass du Teil unserer Plattform bist. Im Folgenden findest du unsere Allgemeinen Gesch\u00e4ftsbedingungen (AGB), die die rechtliche Grundlage f\u00fcr unsere Zusammenarbeit bilden.<\/p>\n<hr>\n<h3>I. Allgemeine Bestimmungen<\/h3>\n<h4>\u00a7 1 Anbieter und Geltungsbereich<\/h4>\n<p>(1) Diese AGB gelten f\u00fcr alle Vertr\u00e4ge zwischen der <strong>Dizzy Fingers Academy GmbH<\/strong>, vertreten durch den Gesch\u00e4ftsf\u00fchrer Malte Weber (nachfolgend \u201eAnbieter\u201c), und ihren Kunden \u00fcber die Nutzung der Online-Plattform https:\/\/jazzguitaracademy.com.<\/p>\n<p>(2) Abweichende oder erg\u00e4nzende AGB der Kunden werden nicht Vertragsbestandteil.<\/p>\n<p>(3) Das Angebot richtet sich an Verbraucher weltweit, unterliegt jedoch ausschlie\u00dflich deutschem Recht.<\/p>\n<hr>\n<h3>II. Vertragsschluss und Nutzerkonto<\/h3>\n<h4>\u00a7 2 Vertragsschluss<\/h4>\n<p>(1) Der Vertrag kommt \u00fcber das Online-Bestellsystem zustande. Mit Auswahl eines Abonnementmodells, Eingabe der pers\u00f6nlichen Daten und Best\u00e4tigung der Zahlung gibt der Nutzer ein <strong>verbindliches Vertragsangebot<\/strong> ab.<\/p>\n<p>(2) Der Anbieter nimmt dieses Angebot durch Bereitstellung des Zugangs zu den digitalen Inhalten an.<\/p>\n<p>(3) Die Abwicklung erfolgt per E-Mail, teils automatisiert. Der Nutzer hat sicherzustellen, dass seine E-Mail-Adresse korrekt ist und E-Mails empfangen werden k\u00f6nnen.<\/p>\n<p>(4) Bei der Erstbestellung wird der Nutzer ausdr\u00fccklich aufgefordert zu best\u00e4tigen, dass mit der Bereitstellung der digitalen Inhalte vor Ablauf der Widerrufsfrist begonnen wird. <strong>Mit dieser Zustimmung erlischt das gesetzliche Widerrufsrecht.<\/strong><\/p>\n<p><em>Best\u00e4tigungstext: \u201eIch stimme ausdr\u00fccklich zu, dass Sie vor Ablauf der Widerrufsfrist mit der Ausf\u00fchrung des Vertrages beginnen. Mir ist bekannt, dass ich durch diese Zustimmung mit Beginn der Ausf\u00fchrung des Vertrages mein Widerrufsrecht verliere.\u201c<\/em><\/p>\n<hr>\n<h3>III. Abonnements, Laufzeiten und K\u00fcndigung<\/h3>\n<h4>\u00a7 3 Laufzeit und Verl\u00e4ngerung<\/h4>\n<p>(1) Die regul\u00e4re Abonnementdauer und die Geb\u00fchren betragen wahlweise:<\/p>\n<ul>\n<li><strong>Ein Quartal<\/strong> (drei Monate) f\u00fcr 90 \u20ac<\/li>\n<li><strong>Ein halbes Jahr<\/strong> (sechs Monate) f\u00fcr 150 \u20ac<\/li>\n<li><strong>Ein ganzes Jahr<\/strong> (zw\u00f6lf Monate) f\u00fcr 260 \u20ac<\/li>\n<\/ul>\n<p>(2) Nach Ablauf der Erstlaufzeit verl\u00e4ngert sich das Abonnement <strong>auf unbestimmte Zeit<\/strong>.<\/p>\n<p>(3) Die Abrechnung erfolgt weiterhin im gew\u00e4hlten Zahlungsintervall. Eine <strong>K\u00fcndigung ist jederzeit m\u00f6glich<\/strong>, wird jedoch erst zum Ende des laufenden Zahlungszeitraums wirksam. Auf ausdr\u00fccklichen Wunsch kann die Mitgliedschaft vorzeitig beendet werden; in diesem Fall erfolgt eine anteilige R\u00fcckerstattung der nicht genutzten Zeit.<\/p>\n<h4>\u00a7 4 K\u00fcndigung<\/h4>\n<p>(1) Die K\u00fcndigung ist jederzeit \u00fcber das Kundenkonto, per E-Mail, \u00fcber das Kontaktformular oder \u00fcber den Link im Footer \u201eVertrag k\u00fcndigen\u201c m\u00f6glich.<\/p>\n<p>(2) Das Recht zur fristlosen K\u00fcndigung aus wichtigem Grund bleibt unber\u00fchrt.<\/p>\n<p>(3) Dem Anbieter steht das Recht zur au\u00dferordentlichen K\u00fcndigung zu, wenn der Nutzer gegen wesentliche Vertragspflichten, insbesondere die Nutzungsbeschr\u00e4nkungen gem\u00e4\u00df \u00a7 7, verst\u00f6\u00dft.<\/p>\n<hr>\n<h3>IV. Leistungen, Inhalte und Support<\/h3>\n<h4>\u00a7 5 Leistungsumfang<\/h4>\n<p>(1) Der Anbieter stellt digitale Lehrinhalte in Form von Videos, Noten, Backingtracks und erg\u00e4nzenden Materialien \u00fcber die Plattform bereit.<\/p>\n<p>(2) Ein wesentlicher Bestandteil des Angebots ist ein <strong>individueller Support per E-Mail<\/strong>. Dieser erfolgt ausschlie\u00dflich durch qualifizierte Fachpersonen und nicht \u00fcber ein automatisiertes System.<\/p>\n<p>(3) Das Angebot dient der musikalischen Weiterbildung und kann auf eine berufliche T\u00e4tigkeit im Musikbereich vorbereiten.<\/p>\n<h4>\u00a7 6 Mitwirkende und Drittinhalte<\/h4>\n<p>(1) In den Inhalten wirken externe Dozenten und K\u00fcnstler mit (z. B. Prof. Michael Sagmeister), die vertraglich mit dem Anbieter kooperieren.<\/p>\n<p>(2) Instrumente, Verst\u00e4rker oder Zubeh\u00f6r in den Videos stammen teilweise von Drittanbietern und k\u00f6nnen durch Sponsoring oder Endorsements pr\u00e4sentiert werden.<\/p>\n<p>(3) Sollte ein Mitwirkender aus vertraglichen oder rechtlichen Gr\u00fcnden Inhalte zur\u00fcckziehen, kann dies zur \u00c4nderung oder Entfernung einzelner Lektionen f\u00fchren. Ein Anspruch auf bestimmte Dozenten oder Inhalte besteht nicht.<\/p>\n<h4>\u00a7 7 Nutzungsrechte<\/h4>\n<p>(1) Der Kunde erh\u00e4lt ein <strong>einfaches, nicht \u00fcbertragbares Nutzungsrecht<\/strong> an den Lehrinhalten f\u00fcr die Dauer des Abonnements.<\/p>\n<p>(2) Die Inhalte d\u00fcrfen ausschlie\u00dflich privat genutzt werden.<\/p>\n<p>(3) Downloads, Aufzeichnungen oder Weitergaben der Video-Lektionen sind untersagt, au\u00dfer durch die von der Plattform bereitgestellten Download-Funktionen (PDFs, MP3s). Diese d\u00fcrfen nicht kommerziell verwendet werden.<\/p>\n<p>(4) Das Speichern, Teilen oder \u00f6ffentliche Vorf\u00fchren (z. B. im Unterricht, auf YouTube oder in sozialen Medien) ist untersagt.<\/p>\n<p>(5) Alle Inhalte unterliegen dem deutschen Urheberrecht.<\/p>\n<hr>\n<h3>V. Preise, Zahlung und Verf\u00fcgbarkeit<\/h3>\n<h4>\u00a7 8 Preise und Zahlungsarten<\/h4>\n<p>(1) Die Preise sind auf der Website einsehbar. Die Dizzy Fingers Academy GmbH ist gem\u00e4\u00df \u00a7 4 Nr. 21a) bb) UstG. von der Umsatzsteuerpflicht befreit.<\/p>\n<p>(2) Zahlungen sind m\u00f6glich per Stripe, PayPal, Amazon Pay sowie Rechnung (Vorkasse).<\/p>\n<p>(3) Die Zahlungsart \u201eRechnung\/Vorkasse\u201c steht ausschlie\u00dflich Kunden mit Wohnsitz in Deutschland zur Verf\u00fcgung.<\/p>\n<p>(4) Die Zahlung erfolgt im Voraus f\u00fcr den gew\u00e4hlten Zeitraum.<\/p>\n<p>(5) Rabattaktionen oder Gutscheine gelten ausschlie\u00dflich f\u00fcr die Erstbuchung, sofern nicht anders angegeben.<\/p>\n<h4>\u00a7 9 Verf\u00fcgbarkeit und technische Voraussetzungen<\/h4>\n<p>(1) Die Plattform wird mit einer durchschnittlichen Verf\u00fcgbarkeit von 95 % pro Kalendermonat betrieben.<\/p>\n<p>(2) Geplante Wartungsarbeiten werden nach M\u00f6glichkeit vorab auf der Plattform angek\u00fcndigt.<\/p>\n<p>(3) Zur Nutzung wird ein aktueller Browser, eine stabile Internetverbindung sowie die Aktivierung von Cookies empfohlen.<\/p>\n<p>(4) Ein Anspruch auf st\u00e4ndige Erreichbarkeit oder bestimmte technische Funktionen besteht nicht.<\/p>\n<hr>\n<h3>VI. Affiliate-Links, Werbung und Social Media<\/h3>\n<h4>\u00a7 10 Produktempfehlungen und Affiliate-Links<\/h4>\n<p>(1) Auf der Website und in verbundenen Medien (z. B. YouTube) k\u00f6nnen Produktempfehlungen als sogenannte Affiliate-Links enthalten sein.<\/p>\n<p>(2) Beim Klick auf einen Affiliate-Link kann der Anbieter eine Provision erhalten. F\u00fcr den Nutzer entstehen keine Mehrkosten.<\/p>\n<p>(3) F\u00fcr Inhalte und Leistungen Dritter \u00fcbernimmt der Anbieter keine Haftung.<\/p>\n<h4>\u00a7 11 Inhalte auf Drittplattformen (YouTube, etc.)<\/h4>\n<p>(1) Einige Inhalte der Academy werden \u00fcber Drittplattformen (z. B. YouTube, Instagram) \u00f6ffentlich zug\u00e4nglich gemacht, z. B. zur Bewerbung des Angebots.<\/p>\n<p>(2) Diese \u00f6ffentlichen Inhalte ersetzen nicht die Lehrinhalte auf der Plattform.<\/p>\n<p>(3) Die Nutzung oder Weiterverbreitung dieser Inhalte ist nur im Rahmen der jeweiligen Plattformrichtlinien erlaubt. Das Herunterladen oder Wiederhochladen ist untersagt.<\/p>\n<p>(4) Bei Sperrung oder L\u00f6schung solcher Inhalte durch Dritte besteht kein Anspruch auf Ersatz.<\/p>\n<hr>\n<h3>VII. Haftung, Datenschutz und Nutzung im Ausland<\/h3>\n<h4>\u00a7 12 Haftung<\/h4>\n<p>(1) Der Anbieter haftet unbeschr\u00e4nkt f\u00fcr Sch\u00e4den aus Vorsatz, grober Fahrl\u00e4ssigkeit sowie bei Verletzung von Leben, K\u00f6rper oder Gesundheit.<\/p>\n<p>(2) Bei leicht fahrl\u00e4ssiger Verletzung wesentlicher Vertragspflichten (\u201eKardinalpflichten\u201c) ist die Haftung auf den vertragstypisch vorhersehbaren Schaden begrenzt.<\/p>\n<p>(3) Eine weitergehende Haftung ist ausgeschlossen.<\/p>\n<p>(4) Die Haftungsbeschr\u00e4nkungen gelten auch zugunsten der gesetzlichen Vertreter und Erf\u00fcllungsgehilfen des Anbieters.<\/p>\n<h4>\u00a7 13 Datenschutz<\/h4>\n<p>Es gilt die Datenschutzerkl\u00e4rung unter: <a href=\"https:\/\/jazzguitaracademy.com\/de\/data-protection\/\">https:\/\/jazzguitaracademy.com\/de\/data-protection\/<\/a><\/p>\n<h4>\u00a7 14 Nutzung im Ausland \/ Technische Beschr\u00e4nkungen<\/h4>\n<p>(1) Der Zugriff auf Inhalte kann durch staatliche Firewalls oder Netzsperren eingeschr\u00e4nkt sein.<\/p>\n<p>(2) Nutzer im Ausland m\u00fcssen selbst pr\u00fcfen, ob die Nutzung mit dem Recht ihres Landes vereinbar ist.<\/p>\n<p>(3) Die Nutzung via VPN erfolgt auf eigene Verantwortung. Es wird kein Support zur Umgehung l\u00e4nderspezifischer Beschr\u00e4nkungen geboten.<\/p>\n<hr>\n<h3>VIII. Kursinhalte, Ergebnisse und \u00c4nderungen<\/h3>\n<h4>\u00a7 15 Kursinhalte und Aktualisierungen<\/h4>\n<p>Die Kursinhalte k\u00f6nnen ge\u00e4ndert, erg\u00e4nzt oder entfernt werden. Der Anbieter beh\u00e4lt sich vor, Inhalte jederzeit anzupassen. Ein Anspruch auf bestimmte Inhalte oder deren dauerhafte Verf\u00fcgbarkeit besteht nicht.<\/p>\n<h4>\u00a7 16 Keine Erfolgsgarantie<\/h4>\n<p>Die erzielten Lernerfolge h\u00e4ngen ma\u00dfgeblich von der individuellen Umsetzung und dem Engagement des Nutzers ab. Ein bestimmter Erfolg wird nicht garantiert.<\/p>\n<h4>\u00a7 17 \u00c4nderungen der AGB<\/h4>\n<p>Der Anbieter beh\u00e4lt sich vor, diese AGB mit Wirkung f\u00fcr die Zukunft zu \u00e4ndern. \u00dcber \u00c4nderungen werden Nutzer rechtzeitig per E-Mail informiert. Widerspricht der Nutzer nicht innerhalb von sechs Wochen, gelten die \u00c4nderungen als angenommen.<\/p>\n<hr>\n<h3>IX. Schlussbestimmungen<\/h3>\n<h4>\u00a7 18 Anwendbares Recht<\/h4>\n<p>(1) Es gilt ausschlie\u00dflich deutsches Recht unter Ausschluss des UN-Kaufrechts.<\/p>\n<p>(2) Bei Verbrauchern aus dem Ausland gilt deutsches Recht, sofern dem keine zwingenden Vorschriften ihres Wohnsitzstaates entgegenstehen.<\/p>\n<h4>\u00a7 19 Gerichtsstand<\/h4>\n<p>Gerichtsstand ist der Sitz des Anbieters, sofern der Kunde Kaufmann, eine juristische Person oder ohne allgemeinen Gerichtsstand in Deutschland ist.<\/p>\n<h4>\u00a7 20 Salvatorische Klausel<\/h4>\n<p>Sollten einzelne Bestimmungen dieser AGB unwirksam sein, bleibt die Wirksamkeit der \u00fcbrigen Bestimmungen unber\u00fchrt.<\/p>\n<hr>\n<h4>Anbieterkennzeichnung<\/h4>\n<p><strong>Dizzy Fingers Academy GmbH<\/strong><br \/>\nVertreten durch Gesch\u00e4ftsf\u00fchrer Malte Weber<br \/>\nH\u00f6velstra\u00dfe 4, 59439 Holzwickede, Deutschland<br \/>\nE-Mail: mail@gypsyguitaracademy.com<\/p>\n<h4>Copyright-Hinweis<\/h4>\n<p>All content provided by Dizzy Fingers Academy GmbH is protected by German copyright law. Users outside Germany are responsible for complying with the copyright regulations applicable in their own country.<\/p>\n<p><a href=\"https:\/\/gypsyguitaracademy.com\/app\/uploads\/2025\/08\/GypsyGuitarAcademy_AGB_DE-EN.pdf\" target=\"_blank\" rel=\"noopener noreferrer\">PDF Download: AGB Dizzy Fingers Academy GmbH<\/a><\/p>\n<p>Die AGB k\u00f6nnen Sie jederzeit auf unserer Website einsehen und als PDF herunterladen.<\/p>\n<p><br \/>\n<\/p>","protected":false},"excerpt":{"rendered":"<p>Allgemeine Gesch\u00e4ftsbedingungen der Dizzy Fingers Academy GmbH Stand: August 2025 Willkommen bei der Jazz Guitar Academy! Wir freuen uns, dass du Teil unserer Plattform bist. Im Folgenden findest du unsere Allgemeinen Gesch\u00e4ftsbedingungen (AGB), die die rechtliche Grundlage f\u00fcr unsere Zusammenarbeit bilden. I. Allgemeine Bestimmungen \u00a7 1 Anbieter und Geltungsbereich (1) Diese AGB gelten f\u00fcr alle [&hellip;]<\/p>\n","protected":false},"author":1,"featured_media":0,"parent":0,"menu_order":0,"comment_status":"open","ping_status":"open","template":"","meta":[],"yoast_head":"<!-- This site is optimized with the Yoast SEO plugin v20.0 - https:\/\/yoast.com\/wordpress\/plugins\/seo\/ -->\n<title>Terms &amp; Conditions - JazzGuitarAcademy<\/title>\n<meta name=\"robots\" content=\"index, follow, max-snippet:-1, max-image-preview:large, max-video-preview:-1\" \/>\n<link rel=\"canonical\" href=\"https:\/\/jazzguitaracademy.com\/terms-conditions\/\" \/>\n<meta property=\"og:locale\" content=\"de_DE\" \/>\n<meta property=\"og:type\" content=\"article\" \/>\n<meta property=\"og:title\" content=\"Terms &amp; Conditions - JazzGuitarAcademy\" \/>\n<meta property=\"og:description\" content=\"Allgemeine Gesch\u00e4ftsbedingungen der Dizzy Fingers Academy GmbH Stand: August 2025 Willkommen bei der Jazz Guitar Academy! Wir freuen uns, dass du Teil unserer Plattform bist. Im Folgenden findest du unsere Allgemeinen Gesch\u00e4ftsbedingungen (AGB), die die rechtliche Grundlage f\u00fcr unsere Zusammenarbeit bilden. I. Allgemeine Bestimmungen \u00a7 1 Anbieter und Geltungsbereich (1) Diese AGB gelten f\u00fcr alle [&hellip;]\" \/>\n<meta property=\"og:url\" content=\"https:\/\/jazzguitaracademy.com\/terms-conditions\/\" \/>\n<meta property=\"og:site_name\" content=\"JazzGuitarAcademy\" \/>\n<meta property=\"article:publisher\" content=\"http:\/\/www.facebook.com\/jazzguitaracademy\" \/>\n<meta property=\"article:modified_time\" content=\"2025-09-08T14:17:37+00:00\" \/>\n<meta name=\"twitter:card\" content=\"summary_large_image\" \/>\n<meta name=\"twitter:label1\" content=\"Gesch\u00e4tzte Lesezeit\" \/>\n\t<meta name=\"twitter:data1\" content=\"14 Minuten\" \/>\n<script type=\"application\/ld+json\" class=\"yoast-schema-graph\">{\"@context\":\"https:\/\/schema.org\",\"@graph\":[{\"@type\":\"WebPage\",\"@id\":\"https:\/\/jazzguitaracademy.com\/terms-conditions\/\",\"url\":\"https:\/\/jazzguitaracademy.com\/terms-conditions\/\",\"name\":\"Terms & Conditions - JazzGuitarAcademy\",\"isPartOf\":{\"@id\":\"https:\/\/jazzguitaracademy.com\/#website\"},\"datePublished\":\"2015-07-24T15:09:15+00:00\",\"dateModified\":\"2025-09-08T14:17:37+00:00\",\"breadcrumb\":{\"@id\":\"https:\/\/jazzguitaracademy.com\/terms-conditions\/#breadcrumb\"},\"inLanguage\":\"de-DE\",\"potentialAction\":[{\"@type\":\"ReadAction\",\"target\":[\"https:\/\/jazzguitaracademy.com\/terms-conditions\/\"]}]},{\"@type\":\"BreadcrumbList\",\"@id\":\"https:\/\/jazzguitaracademy.com\/terms-conditions\/#breadcrumb\",\"itemListElement\":[{\"@type\":\"ListItem\",\"position\":1,\"name\":\"Home\",\"item\":\"https:\/\/jazzguitaracademy.com\/\"},{\"@type\":\"ListItem\",\"position\":2,\"name\":\"Terms &#038; Conditions\"}]},{\"@type\":\"WebSite\",\"@id\":\"https:\/\/jazzguitaracademy.com\/#website\",\"url\":\"https:\/\/jazzguitaracademy.com\/\",\"name\":\"JazzGuitarAcademy\",\"description\":\"study online jazz guitar\",\"potentialAction\":[{\"@type\":\"SearchAction\",\"target\":{\"@type\":\"EntryPoint\",\"urlTemplate\":\"https:\/\/jazzguitaracademy.com\/?s={search_term_string}\"},\"query-input\":\"required name=search_term_string\"}],\"inLanguage\":\"de-DE\"}]}<\/script>\n<!-- \/ Yoast SEO plugin. -->","yoast_head_json":{"title":"Terms & Conditions - JazzGuitarAcademy","robots":{"index":"index","follow":"follow","max-snippet":"max-snippet:-1","max-image-preview":"max-image-preview:large","max-video-preview":"max-video-preview:-1"},"canonical":"https:\/\/jazzguitaracademy.com\/terms-conditions\/","og_locale":"de_DE","og_type":"article","og_title":"Terms & Conditions - JazzGuitarAcademy","og_description":"Allgemeine Gesch\u00e4ftsbedingungen der Dizzy Fingers Academy GmbH Stand: August 2025 Willkommen bei der Jazz Guitar Academy! Wir freuen uns, dass du Teil unserer Plattform bist. Im Folgenden findest du unsere Allgemeinen Gesch\u00e4ftsbedingungen (AGB), die die rechtliche Grundlage f\u00fcr unsere Zusammenarbeit bilden. I. Allgemeine Bestimmungen \u00a7 1 Anbieter und Geltungsbereich (1) Diese AGB gelten f\u00fcr alle [&hellip;]","og_url":"https:\/\/jazzguitaracademy.com\/terms-conditions\/","og_site_name":"JazzGuitarAcademy","article_publisher":"http:\/\/www.facebook.com\/jazzguitaracademy","article_modified_time":"2025-09-08T14:17:37+00:00","twitter_card":"summary_large_image","twitter_misc":{"Gesch\u00e4tzte Lesezeit":"14 Minuten"},"schema":{"@context":"https:\/\/schema.org","@graph":[{"@type":"WebPage","@id":"https:\/\/jazzguitaracademy.com\/terms-conditions\/","url":"https:\/\/jazzguitaracademy.com\/terms-conditions\/","name":"Terms & Conditions - JazzGuitarAcademy","isPartOf":{"@id":"https:\/\/jazzguitaracademy.com\/#website"},"datePublished":"2015-07-24T15:09:15+00:00","dateModified":"2025-09-08T14:17:37+00:00","breadcrumb":{"@id":"https:\/\/jazzguitaracademy.com\/terms-conditions\/#breadcrumb"},"inLanguage":"de-DE","potentialAction":[{"@type":"ReadAction","target":["https:\/\/jazzguitaracademy.com\/terms-conditions\/"]}]},{"@type":"BreadcrumbList","@id":"https:\/\/jazzguitaracademy.com\/terms-conditions\/#breadcrumb","itemListElement":[{"@type":"ListItem","position":1,"name":"Home","item":"https:\/\/jazzguitaracademy.com\/"},{"@type":"ListItem","position":2,"name":"Terms &#038; Conditions"}]},{"@type":"WebSite","@id":"https:\/\/jazzguitaracademy.com\/#website","url":"https:\/\/jazzguitaracademy.com\/","name":"JazzGuitarAcademy","description":"study online jazz guitar","potentialAction":[{"@type":"SearchAction","target":{"@type":"EntryPoint","urlTemplate":"https:\/\/jazzguitaracademy.com\/?s={search_term_string}"},"query-input":"required name=search_term_string"}],"inLanguage":"de-DE"}]}},"_links":{"self":[{"href":"https:\/\/jazzguitaracademy.com\/de\/wp-json\/wp\/v2\/pages\/456"}],"collection":[{"href":"https:\/\/jazzguitaracademy.com\/de\/wp-json\/wp\/v2\/pages"}],"about":[{"href":"https:\/\/jazzguitaracademy.com\/de\/wp-json\/wp\/v2\/types\/page"}],"author":[{"embeddable":true,"href":"https:\/\/jazzguitaracademy.com\/de\/wp-json\/wp\/v2\/users\/1"}],"replies":[{"embeddable":true,"href":"https:\/\/jazzguitaracademy.com\/de\/wp-json\/wp\/v2\/comments?post=456"}],"version-history":[{"count":4,"href":"https:\/\/jazzguitaracademy.com\/de\/wp-json\/wp\/v2\/pages\/456\/revisions"}],"predecessor-version":[{"id":733,"href":"https:\/\/jazzguitaracademy.com\/de\/wp-json\/wp\/v2\/pages\/456\/revisions\/733"}],"wp:attachment":[{"href":"https:\/\/jazzguitaracademy.com\/de\/wp-json\/wp\/v2\/media?parent=456"}],"curies":[{"name":"wp","href":"https:\/\/api.w.org\/{rel}","templated":true}]}}