{"id":8,"date":"2015-05-29T21:47:57","date_gmt":"2015-05-29T19:47:57","guid":{"rendered":"http:\/\/dizzy-fingers.com\/jazzguitaracademy\/join-us\/"},"modified":"2016-12-14T15:55:58","modified_gmt":"2016-12-14T14:55:58","slug":"join-us","status":"publish","type":"page","link":"https:\/\/jazzguitaracademy.com\/de\/join-us\/","title":{"rendered":"Join Us"},"content":{"rendered":"<p><\/p>\n<h3 style=\"text-align: center;\">Triff deine Wahl, bekomme Zugang und lege direkt los!<\/h3>\n<p><span style=\"line-height: 1.5;\"><div class=\"eStore-product eStore-fancy-wrapper\"><div class=\"eStore-thumbnail\"><a href=\"http:\/\/www.jazzguitaracademy.com\/wp-content\/themes\/JazzGuitar\/img\/12month.svg\" rel=\"lightbox[1 year - JazzGuitarAcademy]\" title=\"1 year - JazzGuitarAcademy\"><img class=\"thumb-image\" src=\"http:\/\/www.jazzguitaracademy.com\/wp-content\/themes\/JazzGuitar\/img\/12month.svg\" alt=\"1 year - JazzGuitarAcademy\" \/><\/a><\/div><div class=\"eStore-product-description\"><div class=\"eStore-product-name\">1 year - JazzGuitarAcademy<\/div><\/p><b>- recurring membership<\/p>\r\n<\/p><b>- best savings<\/p>\r\n<\/p>- 21,66 \u20ac \/month<b><\/p><div class=\"eStore_price\"><span class=\"eStore_price_label\"><strong>Price: <\/strong><\/span><span class=\"eStore_price_value\">\u20ac260.00<\/span><\/div><div class=\"eStore_button_wrapper eStore_pp_subscribe_wrapper\"><form action=\"https:\/\/www.paypal.com\/cgi-bin\/webscr\" method=\"post\" class=\"eStore-pp-subscribe-form eStore-pp-subscribe-form-6\" onsubmit=\"return ReadForm1(this, 3);\"><div class=\"eStore_variation_top\"><\/div><input type=\"hidden\" name=\"product_name_tmp1\" value=\"1 year - JazzGuitarAcademy\" \/><input type=\"hidden\" name=\"price_tmp1\" value=\"260.00\" \/><input type=\"hidden\" name=\"cmd\" value=\"_xclick-subscriptions\" \/><input type=\"hidden\" name=\"charset\" value=\"utf-8\" \/><input type=\"hidden\" name=\"business\" value=\"jazzguitaracademy@dizzy-fingers.com\" \/><input type=\"hidden\" name=\"item_name\" value=\"1 year - JazzGuitarAcademy\" \/><input type=\"hidden\" name=\"currency_code\" value=\"EUR\" \/><input type=\"hidden\" name=\"item_number\" value=\"6\" \/><input type=\"hidden\" name=\"rm\" value=\"2\" \/><input type=\"hidden\" name=\"no_note\" value=\"1\" \/><input type=\"hidden\" name=\"a3\" value=\"260.00\" \/><input type=\"hidden\" name=\"p3\" value=\"1\" \/><input type=\"hidden\" name=\"t3\" value=\"Y\" \/><input type=\"hidden\" name=\"src\" value=\"1\" \/><input type=\"hidden\" name=\"notify_url\" value=\"https:\/\/jazzguitaracademy.com\/?estore_pp_ipn=process\" \/><input type=\"hidden\" name=\"return\" value=\"http:\/\/www.jazzguitaracademy.com\/de\/after-registration\/\" \/><input type=\"hidden\" name=\"bn\" value=\"TipsandTricks_SP\" \/><input type=\"hidden\" name=\"cbt\" value=\"Return to JazzGuitarAcademy - Check your mails!\" \/><input type=\"hidden\" name=\"custom\" value=\"ip%3D216.73.216.29%26subsc_ref%3D4\" id=\"eStore_custom_values\" \/><input type=\"submit\" class=\"eStore_subscribe_button\" value=\"Subscribe\" \/><\/form><\/div><\/div><\/div><\/span><\/p>\n<div class=\"eStore-product eStore-fancy-wrapper\"><div class=\"eStore-thumbnail\"><a href=\"http:\/\/www.jazzguitaracademy.com\/wp-content\/themes\/JazzGuitar\/img\/6month.svg\" rel=\"lightbox[6 months JazzGuitarAcademy]\" title=\"6 months JazzGuitarAcademy\"><img class=\"thumb-image\" src=\"http:\/\/www.jazzguitaracademy.com\/wp-content\/themes\/JazzGuitar\/img\/6month.svg\" alt=\"6 months JazzGuitarAcademy\" \/><\/a><\/div><div class=\"eStore-product-description\"><div class=\"eStore-product-name\">6 months JazzGuitarAcademy<\/div><\/p><b>- recurring membership<\/p>\r\n<\/p><b>- good choice<\/p>\r\n<\/p>- 25,00 \u20ac \/month<b><\/p><div class=\"eStore_price\"><span class=\"eStore_price_label\"><strong>Price: <\/strong><\/span><span class=\"eStore_price_value\">\u20ac150.00<\/span><\/div><div class=\"eStore_button_wrapper eStore_pp_subscribe_wrapper\"><form action=\"https:\/\/www.paypal.com\/cgi-bin\/webscr\" method=\"post\" class=\"eStore-pp-subscribe-form eStore-pp-subscribe-form-4\" onsubmit=\"return ReadForm1(this, 3);\"><div class=\"eStore_variation_top\"><\/div><input type=\"hidden\" name=\"product_name_tmp1\" value=\"6 months JazzGuitarAcademy\" \/><input type=\"hidden\" name=\"price_tmp1\" value=\"150.00\" \/><input type=\"hidden\" name=\"cmd\" value=\"_xclick-subscriptions\" \/><input type=\"hidden\" name=\"charset\" value=\"utf-8\" \/><input type=\"hidden\" name=\"business\" value=\"jazzguitaracademy@dizzy-fingers.com\" \/><input type=\"hidden\" name=\"item_name\" value=\"6 months JazzGuitarAcademy\" \/><input type=\"hidden\" name=\"currency_code\" value=\"EUR\" \/><input type=\"hidden\" name=\"item_number\" value=\"4\" \/><input type=\"hidden\" name=\"rm\" value=\"2\" \/><input type=\"hidden\" name=\"no_note\" value=\"1\" \/><input type=\"hidden\" name=\"a3\" value=\"150.00\" \/><input type=\"hidden\" name=\"p3\" value=\"6\" \/><input type=\"hidden\" name=\"t3\" value=\"M\" \/><input type=\"hidden\" name=\"src\" value=\"1\" \/><input type=\"hidden\" name=\"notify_url\" value=\"https:\/\/jazzguitaracademy.com\/?estore_pp_ipn=process\" \/><input type=\"hidden\" name=\"return\" value=\"http:\/\/www.jazzguitaracademy.com\/de\/after-registration\/\" \/><input type=\"hidden\" name=\"bn\" value=\"TipsandTricks_SP\" \/><input type=\"hidden\" name=\"cbt\" value=\"Return to JazzGuitarAcademy - Check your mails!\" \/><input type=\"hidden\" name=\"custom\" value=\"ip%3D216.73.216.29%26subsc_ref%3D3\" id=\"eStore_custom_values\" \/><input type=\"submit\" class=\"eStore_subscribe_button\" value=\"Subscribe\" \/><\/form><\/div><\/div><\/div>\n<div class=\"eStore-product eStore-fancy-wrapper\"><div class=\"eStore-thumbnail\"><a href=\"http:\/\/www.jazzguitaracademy.com\/wp-content\/themes\/JazzGuitar\/img\/3month.svg\" rel=\"lightbox[3 months JazzGuitarAcademy]\" title=\"3 months JazzGuitarAcademy\"><img class=\"thumb-image\" src=\"http:\/\/www.jazzguitaracademy.com\/wp-content\/themes\/JazzGuitar\/img\/3month.svg\" alt=\"3 months JazzGuitarAcademy\" \/><\/a><\/div><div class=\"eStore-product-description\"><div class=\"eStore-product-name\">3 months JazzGuitarAcademy<\/div><\/p><b>- recurring membership<\/p>\r\n<\/p><b>- perfect for first try<\/p>\r\n<\/p>- 30,00 \u20ac \/month<b><\/p><div class=\"eStore_price\"><span class=\"eStore_price_label\"><strong>Price: <\/strong><\/span><span class=\"eStore_price_value\">\u20ac90.00<\/span><\/div><div class=\"eStore_button_wrapper eStore_pp_subscribe_wrapper\"><form action=\"https:\/\/www.paypal.com\/cgi-bin\/webscr\" method=\"post\" class=\"eStore-pp-subscribe-form eStore-pp-subscribe-form-2\" onsubmit=\"return ReadForm1(this, 3);\"><div class=\"eStore_variation_top\"><\/div><input type=\"hidden\" name=\"product_name_tmp1\" value=\"3 months JazzGuitarAcademy\" \/><input type=\"hidden\" name=\"price_tmp1\" value=\"90.00\" \/><input type=\"hidden\" name=\"cmd\" value=\"_xclick-subscriptions\" \/><input type=\"hidden\" name=\"charset\" value=\"utf-8\" \/><input type=\"hidden\" name=\"business\" value=\"jazzguitaracademy@dizzy-fingers.com\" \/><input type=\"hidden\" name=\"item_name\" value=\"3 months JazzGuitarAcademy\" \/><input type=\"hidden\" name=\"currency_code\" value=\"EUR\" \/><input type=\"hidden\" name=\"item_number\" value=\"2\" \/><input type=\"hidden\" name=\"rm\" value=\"2\" \/><input type=\"hidden\" name=\"no_note\" value=\"1\" \/><input type=\"hidden\" name=\"a3\" value=\"90.00\" \/><input type=\"hidden\" name=\"p3\" value=\"3\" \/><input type=\"hidden\" name=\"t3\" value=\"M\" \/><input type=\"hidden\" name=\"src\" value=\"1\" \/><input type=\"hidden\" name=\"notify_url\" value=\"https:\/\/jazzguitaracademy.com\/?estore_pp_ipn=process\" \/><input type=\"hidden\" name=\"return\" value=\"http:\/\/www.jazzguitaracademy.com\/de\/after-registration\/\" \/><input type=\"hidden\" name=\"bn\" value=\"TipsandTricks_SP\" \/><input type=\"hidden\" name=\"cbt\" value=\"Return to JazzGuitarAcademy - Check your mails!\" \/><input type=\"hidden\" name=\"custom\" value=\"ip%3D216.73.216.29%26subsc_ref%3D2\" id=\"eStore_custom_values\" \/><input type=\"submit\" class=\"eStore_subscribe_button\" value=\"Subscribe\" \/><\/form><\/div><\/div><\/div>\n<p><a href=\"http:\/\/www.jazzguitaracademy.com\/join-us-onetime-payment\/\"><span style=\"text-decoration: underline;\">Keine Kreditkarte&#8230;? Einmalzahlung&#8230;? Bitte hier klicken.<\/span><\/a><\/p>\n<p>Falls keine unserer hier angebotenen Zahlungsweisen f\u00fcr dich in Frage kommt, schick uns deine Email mit deiner Adresse und wir schicken dir eine Rechnung f\u00fcr eine Bank\u00fcberweisung zu. <a href=\"http:\/\/www.jazzguitaracademy.com\/contact\/\">Hier klicken.<\/a><\/p>","protected":false},"excerpt":{"rendered":"<p>Triff deine Wahl, bekomme Zugang und lege direkt los! Keine Kreditkarte&#8230;? Einmalzahlung&#8230;? Bitte hier klicken. Falls keine unserer hier angebotenen Zahlungsweisen f\u00fcr dich in Frage kommt, schick uns deine Email mit deiner Adresse und wir schicken dir eine Rechnung f\u00fcr eine Bank\u00fcberweisung zu. Hier klicken.<\/p>\n","protected":false},"author":1,"featured_media":0,"parent":0,"menu_order":0,"comment_status":"open","ping_status":"open","template":"","meta":[],"yoast_head":"<!-- This site is optimized with the Yoast SEO plugin v20.0 - https:\/\/yoast.com\/wordpress\/plugins\/seo\/ -->\n<title>Join us - JazzGuitarAcademy by Michael Sagmeiter<\/title>\n<meta name=\"description\" content=\"Werde Mitglied in Prof. Michael Sagmeisters online Gitarrenschule und starte dein Jazzgitarren Studium - Join us und lege direkt los\" \/>\n<meta name=\"robots\" content=\"index, follow, max-snippet:-1, max-image-preview:large, max-video-preview:-1\" \/>\n<link rel=\"canonical\" href=\"https:\/\/jazzguitaracademy.com\/de\/join-us\/\" \/>\n<meta property=\"og:locale\" content=\"de_DE\" \/>\n<meta property=\"og:type\" content=\"article\" \/>\n<meta property=\"og:title\" content=\"Join us - JazzGuitarAcademy by Michael Sagmeiter\" \/>\n<meta property=\"og:description\" content=\"Werde Mitglied in Prof. Michael Sagmeisters online Gitarrenschule und starte dein Jazzgitarren Studium - Join us und lege direkt los\" \/>\n<meta property=\"og:url\" content=\"https:\/\/jazzguitaracademy.com\/de\/join-us\/\" \/>\n<meta property=\"og:site_name\" content=\"JazzGuitarAcademy\" \/>\n<meta property=\"article:publisher\" content=\"http:\/\/www.facebook.com\/jazzguitaracademy\" \/>\n<meta property=\"article:modified_time\" content=\"2016-12-14T14:55:58+00:00\" \/>\n<meta name=\"twitter:card\" content=\"summary_large_image\" \/>\n<script type=\"application\/ld+json\" class=\"yoast-schema-graph\">{\"@context\":\"https:\/\/schema.org\",\"@graph\":[{\"@type\":\"WebPage\",\"@id\":\"https:\/\/jazzguitaracademy.com\/de\/join-us\/\",\"url\":\"https:\/\/jazzguitaracademy.com\/de\/join-us\/\",\"name\":\"Join us - JazzGuitarAcademy by Michael Sagmeiter\",\"isPartOf\":{\"@id\":\"https:\/\/jazzguitaracademy.com\/#website\"},\"datePublished\":\"2015-05-29T19:47:57+00:00\",\"dateModified\":\"2016-12-14T14:55:58+00:00\",\"description\":\"Werde Mitglied in Prof. Michael Sagmeisters online Gitarrenschule und starte dein Jazzgitarren Studium - Join us und lege direkt los\",\"breadcrumb\":{\"@id\":\"https:\/\/jazzguitaracademy.com\/de\/join-us\/#breadcrumb\"},\"inLanguage\":\"de-DE\",\"potentialAction\":[{\"@type\":\"ReadAction\",\"target\":[\"https:\/\/jazzguitaracademy.com\/de\/join-us\/\"]}]},{\"@type\":\"BreadcrumbList\",\"@id\":\"https:\/\/jazzguitaracademy.com\/de\/join-us\/#breadcrumb\",\"itemListElement\":[{\"@type\":\"ListItem\",\"position\":1,\"name\":\"Home\",\"item\":\"https:\/\/jazzguitaracademy.com\/\"},{\"@type\":\"ListItem\",\"position\":2,\"name\":\"Join Us\"}]},{\"@type\":\"WebSite\",\"@id\":\"https:\/\/jazzguitaracademy.com\/#website\",\"url\":\"https:\/\/jazzguitaracademy.com\/\",\"name\":\"JazzGuitarAcademy\",\"description\":\"study online jazz guitar\",\"potentialAction\":[{\"@type\":\"SearchAction\",\"target\":{\"@type\":\"EntryPoint\",\"urlTemplate\":\"https:\/\/jazzguitaracademy.com\/?s={search_term_string}\"},\"query-input\":\"required name=search_term_string\"}],\"inLanguage\":\"de-DE\"}]}<\/script>\n<!-- \/ Yoast SEO plugin. -->","yoast_head_json":{"title":"Join us - JazzGuitarAcademy by Michael Sagmeiter","description":"Werde Mitglied in Prof. Michael Sagmeisters online Gitarrenschule und starte dein Jazzgitarren Studium - Join us und lege direkt los","robots":{"index":"index","follow":"follow","max-snippet":"max-snippet:-1","max-image-preview":"max-image-preview:large","max-video-preview":"max-video-preview:-1"},"canonical":"https:\/\/jazzguitaracademy.com\/de\/join-us\/","og_locale":"de_DE","og_type":"article","og_title":"Join us - JazzGuitarAcademy by Michael Sagmeiter","og_description":"Werde Mitglied in Prof. Michael Sagmeisters online Gitarrenschule und starte dein Jazzgitarren Studium - Join us und lege direkt los","og_url":"https:\/\/jazzguitaracademy.com\/de\/join-us\/","og_site_name":"JazzGuitarAcademy","article_publisher":"http:\/\/www.facebook.com\/jazzguitaracademy","article_modified_time":"2016-12-14T14:55:58+00:00","twitter_card":"summary_large_image","schema":{"@context":"https:\/\/schema.org","@graph":[{"@type":"WebPage","@id":"https:\/\/jazzguitaracademy.com\/de\/join-us\/","url":"https:\/\/jazzguitaracademy.com\/de\/join-us\/","name":"Join us - JazzGuitarAcademy by Michael Sagmeiter","isPartOf":{"@id":"https:\/\/jazzguitaracademy.com\/#website"},"datePublished":"2015-05-29T19:47:57+00:00","dateModified":"2016-12-14T14:55:58+00:00","description":"Werde Mitglied in Prof. Michael Sagmeisters online Gitarrenschule und starte dein Jazzgitarren Studium - Join us und lege direkt los","breadcrumb":{"@id":"https:\/\/jazzguitaracademy.com\/de\/join-us\/#breadcrumb"},"inLanguage":"de-DE","potentialAction":[{"@type":"ReadAction","target":["https:\/\/jazzguitaracademy.com\/de\/join-us\/"]}]},{"@type":"BreadcrumbList","@id":"https:\/\/jazzguitaracademy.com\/de\/join-us\/#breadcrumb","itemListElement":[{"@type":"ListItem","position":1,"name":"Home","item":"https:\/\/jazzguitaracademy.com\/"},{"@type":"ListItem","position":2,"name":"Join Us"}]},{"@type":"WebSite","@id":"https:\/\/jazzguitaracademy.com\/#website","url":"https:\/\/jazzguitaracademy.com\/","name":"JazzGuitarAcademy","description":"study online jazz guitar","potentialAction":[{"@type":"SearchAction","target":{"@type":"EntryPoint","urlTemplate":"https:\/\/jazzguitaracademy.com\/?s={search_term_string}"},"query-input":"required name=search_term_string"}],"inLanguage":"de-DE"}]}},"_links":{"self":[{"href":"https:\/\/jazzguitaracademy.com\/de\/wp-json\/wp\/v2\/pages\/8"}],"collection":[{"href":"https:\/\/jazzguitaracademy.com\/de\/wp-json\/wp\/v2\/pages"}],"about":[{"href":"https:\/\/jazzguitaracademy.com\/de\/wp-json\/wp\/v2\/types\/page"}],"author":[{"embeddable":true,"href":"https:\/\/jazzguitaracademy.com\/de\/wp-json\/wp\/v2\/users\/1"}],"replies":[{"embeddable":true,"href":"https:\/\/jazzguitaracademy.com\/de\/wp-json\/wp\/v2\/comments?post=8"}],"version-history":[{"count":11,"href":"https:\/\/jazzguitaracademy.com\/de\/wp-json\/wp\/v2\/pages\/8\/revisions"}],"predecessor-version":[{"id":651,"href":"https:\/\/jazzguitaracademy.com\/de\/wp-json\/wp\/v2\/pages\/8\/revisions\/651"}],"wp:attachment":[{"href":"https:\/\/jazzguitaracademy.com\/de\/wp-json\/wp\/v2\/media?parent=8"}],"curies":[{"name":"wp","href":"https:\/\/api.w.org\/{rel}","templated":true}]}}